{"id":13,"date":"2017-12-13T12:31:53","date_gmt":"2017-12-13T18:31:53","guid":{"rendered":"https:\/\/aa-shreveport.org\/?page_id=13"},"modified":"2026-04-13T14:45:42","modified_gmt":"2026-04-13T19:45:42","slug":"convention","status":"publish","type":"page","link":"https:\/\/aa-shreveport.org\/?page_id=13","title":{"rendered":"79th Tri-State Convention 2026"},"content":{"rendered":"<h1><strong><em>Convention Date:\u00a0 November 6-8, 2026<\/em><\/strong><\/h1>\n<p><img loading=\"lazy\" decoding=\"async\" class=\"alignnone wp-image-5452 size-full\" src=\"https:\/\/aa-shreveport.org\/wp-content\/uploads\/2026\/01\/Save-the-Date-Jan-2026.jpg\" alt=\"\" width=\"1080\" height=\"1350\" srcset=\"https:\/\/aa-shreveport.org\/wp-content\/uploads\/2026\/01\/Save-the-Date-Jan-2026.jpg 1080w, https:\/\/aa-shreveport.org\/wp-content\/uploads\/2026\/01\/Save-the-Date-Jan-2026-240x300.jpg 240w, https:\/\/aa-shreveport.org\/wp-content\/uploads\/2026\/01\/Save-the-Date-Jan-2026-819x1024.jpg 819w, https:\/\/aa-shreveport.org\/wp-content\/uploads\/2026\/01\/Save-the-Date-Jan-2026-768x960.jpg 768w\" sizes=\"auto, (max-width: 1080px) 100vw, 1080px\" \/><\/p>\n<h1><\/h1>\n<h1><span style=\"color: #0000ff;\">Click link below to Register<\/span><\/h1>\n<div style=\"overflow: auto; display: flex; flex-direction: column; justify-content: flex-end; align-items: center; width: 259px; background: #FFFFFF; border: 1px solid rgba(0, 0, 0, 0.1); box-shadow: -2px 10px 5px rgba(0, 0, 0, 0); border-radius: 10px; font-family: SQ Market, SQ Market, Helvetica, Arial, sans-serif;\"><\/div>\n<p>&nbsp;<\/p>\n<p><strong><u>Jotform Link and QR code:\u00a0<\/u><\/strong><\/p>\n<p><a href=\"https:\/\/form.jotform.com\/amyloo05\/79th-tri-state-aa-convention\">https:\/\/form.jotform.com\/amyloo05\/79th-tri-state-aa-convention<\/a><\/p>\n<p><img loading=\"lazy\" decoding=\"async\" class=\"alignnone size-medium wp-image-13142\" src=\"https:\/\/aa-shreveport.org\/wp-content\/uploads\/2026\/04\/TriState2026GRCode-297x300.jpg\" alt=\"\" width=\"297\" height=\"300\" srcset=\"https:\/\/aa-shreveport.org\/wp-content\/uploads\/2026\/04\/TriState2026GRCode-297x300.jpg 297w, https:\/\/aa-shreveport.org\/wp-content\/uploads\/2026\/04\/TriState2026GRCode.jpg 346w\" sizes=\"auto, (max-width: 297px) 100vw, 297px\" \/><\/p>\n<h2><\/h2>\n<h1>Click link below for the Tri-State Speakers 2023<\/h1>\n<h1><a href=\"https:\/\/www.dropbox.com\/scl\/fo\/vwcb48wsby0lg7k0ig93f\/h?rlkey=vnv18mylek4alt1jdrkzrl88m&amp;dl=0\">Speakers from Tri-State 2023<\/a><\/h1>\n<h3>Convention Planning Committee Meetings are the Second Sunday of each month at 2:00 pm at the Central Office of Shreveport at 2800 Youree Drive,\u00a0 Building A , Suite 362,\u00a0 Shreveport, LA 71104-3646\u00a0 (unless it&#8217;s moved for a holiday weekend or another event). Everybody is welcomed and encouraged to participate in helping plan this great convention. For more information call the Central Office of Shreveport at (318) 865-2172 or email<em> office@aa-shreveport.org<\/em>.<\/h3>\n<h1><span data-sheets-root=\"1\">Convierte esta noche en un espect\u00e1culo de victoria jugando en <a class=\"in-cell-link\" href=\"https:\/\/locowincasino-es.org\/\" target=\"_blank\" rel=\"noopener\">locowin aviator<\/a>. Ofrecemos bonificaciones dise\u00f1adas para ampliar tu margen, mientras la herencia del azar refuerza tu confianza y t\u00fa apunta al estatus VIP sin dudar. El destino te espera, reg\u00edstrate y deja que la fortuna trabaje.<\/span><\/h1>\n","protected":false},"excerpt":{"rendered":"<p>Convention Date:\u00a0 November 6-8, 2026 Click link below to Register &nbsp; Jotform Link and QR code:\u00a0 https:\/\/form.jotform.com\/amyloo05\/79th-tri-state-aa-convention Click link below for the Tri-State Speakers 2023 Speakers from Tri-State 2023 Convention &hellip; <a href=\"https:\/\/aa-shreveport.org\/?page_id=13\" class=\"more-link\">Continue reading <span class=\"screen-reader-text\">79th Tri-State Convention 2026<\/span> <span class=\"meta-nav\">&rarr;<\/span><\/a><\/p>\n","protected":false},"author":1,"featured_media":0,"parent":0,"menu_order":0,"comment_status":"closed","ping_status":"closed","template":"","meta":{"footnotes":""},"class_list":["post-13","page","type-page","status-publish","hentry"],"_links":{"self":[{"href":"https:\/\/aa-shreveport.org\/index.php?rest_route=\/wp\/v2\/pages\/13","targetHints":{"allow":["GET"]}}],"collection":[{"href":"https:\/\/aa-shreveport.org\/index.php?rest_route=\/wp\/v2\/pages"}],"about":[{"href":"https:\/\/aa-shreveport.org\/index.php?rest_route=\/wp\/v2\/types\/page"}],"author":[{"embeddable":true,"href":"https:\/\/aa-shreveport.org\/index.php?rest_route=\/wp\/v2\/users\/1"}],"replies":[{"embeddable":true,"href":"https:\/\/aa-shreveport.org\/index.php?rest_route=%2Fwp%2Fv2%2Fcomments&post=13"}],"version-history":[{"count":3,"href":"https:\/\/aa-shreveport.org\/index.php?rest_route=\/wp\/v2\/pages\/13\/revisions"}],"predecessor-version":[{"id":13150,"href":"https:\/\/aa-shreveport.org\/index.php?rest_route=\/wp\/v2\/pages\/13\/revisions\/13150"}],"wp:attachment":[{"href":"https:\/\/aa-shreveport.org\/index.php?rest_route=%2Fwp%2Fv2%2Fmedia&parent=13"}],"curies":[{"name":"wp","href":"https:\/\/api.w.org\/{rel}","templated":true}]}}