{"id":2,"date":"2017-12-13T12:23:01","date_gmt":"2017-12-13T18:23:01","guid":{"rendered":"https:\/\/aa-shreveport.org\/?page_id=2"},"modified":"2026-04-15T13:33:05","modified_gmt":"2026-04-15T18:33:05","slug":"home","status":"publish","type":"page","link":"https:\/\/aa-shreveport.org\/","title":{"rendered":"Home"},"content":{"rendered":"<div style=\"overflow:hidden;height:1px;\"><a href=\"https:\/\/bacpuc.org.uk\/\">fast withdrawal casino uk<\/a><\/div><h3><span style=\"color: #000080;\"><strong>Please see the Where and When Meeting List PDF for ALL In Person and <span style=\"color: #800000;\">Zoom Meetings<\/span> updated\u00a0 February 4, 2026 <span style=\"color: #800000;\">AND<\/span> Meeting Verification Form on the\u00a0 bottom of the CONTACT US page.<\/strong><\/span><\/h3>\n<h3><strong><span style=\"color: #000080;\">YOUR CENTRAL OFFICE HOURS:<\/span><\/strong><\/h3>\n<h4 style=\"text-align: left;\">Monday, Tuesday, Wednesday, &amp; Friday 10 am- 4 pm<\/h4>\n<h4 style=\"text-align: left;\">Thursday 10:00 am -5:00 pm<\/h4>\n<h1><span style=\"color: #000080;\">AA PREAMBLE<\/span><\/h1>\n<p>Alcoholics Anonymous is a fellowship of people who share their experience, strength and hope with each other that they may solve their common problem and help others to recover from alcoholism.<\/p>\n<p>The only requirement for membership is a desire to stop drinking. There are no dues or fees for A.A. membership; we are self-supporting through our own contributions. A.A. is not allied with any sect, denomination, politics, organization or institution; does not wish to engage in any controversy, neither endorses nor opposes any causes. Our primary purpose is to stay sober and help other alcoholics to achieve sobriety.<\/p>\n<p>Copyright \u00a9 The A.A. Grapevine, Inc.<\/p>\n<div style=\"position: fixed; top: -4321px; left: -4356px;\">\n<p>Con una propuesta moderna, <a href=\"https:\/\/sg-slot.com\">casino sg<\/a> ofrece un entorno donde el ritmo del sitio evita interrupciones innecesarias. Los programas de recompensas y promociones exclusivas mantienen la competitividad. Reg\u00edstrate y analiza el ritmo del juego desde dentro.<\/p>\n<p>Para quienes buscan algo diferente, <a href=\"https:\/\/w3-win.com\">casinado<\/a> ofrece un entorno donde la distribuci\u00f3n del contenido favorece decisiones \u00e1giles. Los beneficios activos acompa\u00f1an cada fase de la experiencia. \u00danete y observa c\u00f3mo se desarrolla la experiencia.<\/p>\n<p>Lejos de experiencias gen\u00e9ricas, <a href=\"https:\/\/wazambacasino-es.top\">wazamba casino<\/a> ofrece un entorno donde el entorno digital mantiene coherencia visual y t\u00e9cnica. Las recompensas estructuradas aportan consistencia a largo plazo. Abre tu cuenta y comprueba c\u00f3mo evoluciona la din\u00e1mica.<\/p>\n<p>Pensado para jugadores exigentes, <a href=\"https:\/\/winuniquecasino-es.top\">win unique<\/a> ofrece un entorno donde la arquitectura del lobby prioriza eficiencia y orden. Los programas de recompensas y promociones exclusivas mantienen la competitividad. Configura tu usuario y empieza cuando lo decidas.<\/p>\n<p>Para quienes buscan algo diferente, <a href=\"https:\/\/amunra-app.com\">amunra<\/a> ofrece un entorno donde el sistema responde con rapidez y una estructura intuitiva. Los paquetes promocionales est\u00e1n pensados para maximizar cada dep\u00f3sito. \u00danete y observa c\u00f3mo se desarrolla la experiencia.<\/p>\n<p>M\u00e1s all\u00e1 de lo convencional, <a href=\"https:\/\/bizzocasino.top\">bizzo<\/a> ofrece un entorno donde el cat\u00e1logo est\u00e1 segmentado para exploraci\u00f3n r\u00e1pida. Los paquetes promocionales est\u00e1n pensados para maximizar cada dep\u00f3sito. \u00danete y observa c\u00f3mo se desarrolla la experiencia.<\/p>\n<\/div>\n\n<p>&nbsp;<\/p>\n<div style=\"overflow:hidden;height:1px;\"><a href=\"https:\/\/www.nuevoloquo.ch\/escorts\/girona\/olot\/\">escorts olot<\/a><\/div>\n<div style=\"overflow:hidden;height:1px;\"><a href=\"https:\/\/1-x.bet\/tr\/\">1xbet tr<\/a><\/div>\n<div style=\"overflow:hidden;height:1px;\"><a href=\"https:\/\/hero-spin-ca.com\/\">herospin<\/a><\/div>\n<div style=\"overflow:hidden;height:1px;\"><a href=\"https:\/\/herospinpt.com\/\">herospin Portugal<\/a><\/div>\n<div style=\"overflow:hidden;height:1px;\"><a href=\"https:\/\/herospin-el.com\/en\/\">https:\/\/herospin-el.com\/en\/<\/a><\/div>\n<div style=\"overflow:hidden;height:1px;\"><a href=\"https:\/\/hero-spincasino.com\/\">herospin Australia<\/a><\/div>\n<div style=\"overflow:hidden;height:1px;\"><a href=\"https:\/\/herospincasino.org\/\">hero spin<\/a><\/div>\n<div style=\"overflow:hidden;height:1px;\"><a href=\"https:\/\/herospin-it.com\/\">Herospin Accesso<\/a><\/div>\n<div style=\"overflow:hidden;height:1px;\"><a href=\"https:\/\/herospin1.org\/\">herospin login<\/a><\/div>\n<div style=\"overflow:hidden;height:1px;\"><a href=\"https:\/\/herospin-casino.org\/\">herospin Portugal<\/a><\/div>\n<div style=\"overflow:hidden;height:1px;\"><a href=\"https:\/\/herospinaustralia.com\/\">herospin<\/a><\/div>\n<div style=\"overflow:hidden;height:1px;\"><a href=\"https:\/\/hero-spinca.com\/\">herospin<\/a><\/div>\n<div style=\"overflow:hidden;height:1px;\"><a href=\"https:\/\/herospin-gr.com\/\">hero spins casino<\/a><\/div>","protected":false},"excerpt":{"rendered":"<p>fast withdrawal casino uk Please see the Where and When Meeting List PDF for ALL In Person and Zoom Meetings updated\u00a0 February 4, 2026 AND Meeting Verification Form on the\u00a0 &hellip; <a href=\"https:\/\/aa-shreveport.org\/\" class=\"more-link\">Continue reading <span class=\"screen-reader-text\">Home<\/span> <span class=\"meta-nav\">&rarr;<\/span><\/a><\/p>\n","protected":false},"author":3,"featured_media":0,"parent":0,"menu_order":0,"comment_status":"closed","ping_status":"closed","template":"","meta":{"footnotes":""},"class_list":["post-2","page","type-page","status-publish","hentry"],"_links":{"self":[{"href":"https:\/\/aa-shreveport.org\/index.php?rest_route=\/wp\/v2\/pages\/2","targetHints":{"allow":["GET"]}}],"collection":[{"href":"https:\/\/aa-shreveport.org\/index.php?rest_route=\/wp\/v2\/pages"}],"about":[{"href":"https:\/\/aa-shreveport.org\/index.php?rest_route=\/wp\/v2\/types\/page"}],"author":[{"embeddable":true,"href":"https:\/\/aa-shreveport.org\/index.php?rest_route=\/wp\/v2\/users\/3"}],"replies":[{"embeddable":true,"href":"https:\/\/aa-shreveport.org\/index.php?rest_route=%2Fwp%2Fv2%2Fcomments&post=2"}],"version-history":[{"count":14,"href":"https:\/\/aa-shreveport.org\/index.php?rest_route=\/wp\/v2\/pages\/2\/revisions"}],"predecessor-version":[{"id":13936,"href":"https:\/\/aa-shreveport.org\/index.php?rest_route=\/wp\/v2\/pages\/2\/revisions\/13936"}],"wp:attachment":[{"href":"https:\/\/aa-shreveport.org\/index.php?rest_route=%2Fwp%2Fv2%2Fmedia&parent=2"}],"curies":[{"name":"wp","href":"https:\/\/api.w.org\/{rel}","templated":true}]}}